{"id":3087,"date":"2026-03-09T18:56:29","date_gmt":"2026-03-09T17:56:29","guid":{"rendered":"https:\/\/www.carnibird.fr\/?page_id=3087"},"modified":"2026-03-25T07:20:47","modified_gmt":"2026-03-25T06:20:47","slug":"marche","status":"publish","type":"page","link":"https:\/\/www.carnibird.fr\/?page_id=3087","title":{"rendered":"March\u00e9"},"content":{"rendered":"\t\t<div data-elementor-type=\"wp-page\" data-elementor-id=\"3087\" class=\"elementor elementor-3087\">\n\t\t\t\t\t\t<section class=\"elementor-section elementor-top-section elementor-element elementor-element-1e48ed98 elementor-section-boxed elementor-section-height-default elementor-section-height-default wpr-particle-no wpr-jarallax-no wpr-parallax-no wpr-sticky-section-no wpr-equal-height-no\" data-id=\"1e48ed98\" data-element_type=\"section\" data-e-type=\"section\">\n\t\t\t\t\t\t<div class=\"elementor-container elementor-column-gap-wide\">\n\t\t\t\t\t<div class=\"elementor-column elementor-col-50 elementor-top-column elementor-element elementor-element-4f78bd81\" data-id=\"4f78bd81\" data-element_type=\"column\" data-e-type=\"column\">\n\t\t\t<div class=\"elementor-widget-wrap elementor-element-populated\">\n\t\t\t\t\t\t<div class=\"elementor-element elementor-element-536430b6 elementor-widget elementor-widget-text-editor\" data-id=\"536430b6\" data-element_type=\"widget\" data-e-type=\"widget\" data-widget_type=\"text-editor.default\">\n\t\t\t\t<div class=\"elementor-widget-container\">\n\t\t\t\t\t\t\t\t\t<p>J\u2019ai fais le choix de vendre mes travaux \u00e0 des prix d\u00e9risoires. C\u2019est l\u2019assurance pour moi de ne pas capitaliser sur mon art, de le rendre accessible, et de continuer \u00e0 pratiquer sans pression.<\/p><p>Si tu souhaites visiter mon march\u00e9, clique <span style=\"text-decoration: underline;\"><strong><a href=\"https:\/\/www.vinted.fr\/member\/38201320-angiecarnibird\">ici<\/a><\/strong><\/span>.<\/p>\t\t\t\t\t\t\t\t<\/div>\n\t\t\t\t<\/div>\n\t\t\t\t<div class=\"elementor-element elementor-element-66b2e2e6 elementor-widget elementor-widget-image\" data-id=\"66b2e2e6\" data-element_type=\"widget\" data-e-type=\"widget\" data-widget_type=\"image.default\">\n\t\t\t\t<div class=\"elementor-widget-container\">\n\t\t\t\t\t\t\t\t\t\t\t\t\t\t\t<img fetchpriority=\"high\" decoding=\"async\" width=\"2048\" height=\"2048\" src=\"https:\/\/www.carnibird.fr\/wp-content\/uploads\/2024\/03\/Illustration_sans_titre-2.jpg\" class=\"attachment-full size-full wp-image-1752\" alt=\"\" srcset=\"https:\/\/www.carnibird.fr\/wp-content\/uploads\/2024\/03\/Illustration_sans_titre-2.jpg 2048w, https:\/\/www.carnibird.fr\/wp-content\/uploads\/2024\/03\/Illustration_sans_titre-2-300x300.jpg 300w, https:\/\/www.carnibird.fr\/wp-content\/uploads\/2024\/03\/Illustration_sans_titre-2-100x100.jpg 100w, https:\/\/www.carnibird.fr\/wp-content\/uploads\/2024\/03\/Illustration_sans_titre-2-600x600.jpg 600w, https:\/\/www.carnibird.fr\/wp-content\/uploads\/2024\/03\/Illustration_sans_titre-2-1024x1024.jpg 1024w, https:\/\/www.carnibird.fr\/wp-content\/uploads\/2024\/03\/Illustration_sans_titre-2-150x150.jpg 150w, https:\/\/www.carnibird.fr\/wp-content\/uploads\/2024\/03\/Illustration_sans_titre-2-768x768.jpg 768w, https:\/\/www.carnibird.fr\/wp-content\/uploads\/2024\/03\/Illustration_sans_titre-2-1536x1536.jpg 1536w\" sizes=\"(max-width: 2048px) 100vw, 2048px\" \/>\t\t\t\t\t\t\t\t\t\t\t\t\t\t\t<\/div>\n\t\t\t\t<\/div>\n\t\t\t\t\t<\/div>\n\t\t<\/div>\n\t\t\t\t<div class=\"elementor-column elementor-col-50 elementor-top-column elementor-element elementor-element-741cd837\" data-id=\"741cd837\" data-element_type=\"column\" data-e-type=\"column\">\n\t\t\t<div class=\"elementor-widget-wrap elementor-element-populated\">\n\t\t\t\t\t\t<div class=\"elementor-element elementor-element-2671f183 elementor-widget elementor-widget-wpr-elementor-template\" data-id=\"2671f183\" data-element_type=\"widget\" data-e-type=\"widget\" data-widget_type=\"wpr-elementor-template.default\">\n\t\t\t\t<div class=\"elementor-widget-container\">\n\t\t\t\t\t<style>.elementor-229 .elementor-element.elementor-element-56f0fdfb > .elementor-container{max-width:350px;}.elementor-229 .elementor-element.elementor-element-6568fb5{--spacer-size:5px;}.elementor-widget-heading .elementor-heading-title{font-family:var( --e-global-typography-primary-font-family ), Sans-serif;font-weight:var( --e-global-typography-primary-font-weight );color:var( --e-global-color-primary );}.elementor-229 .elementor-element.elementor-element-7361a6f6{text-align:center;}.elementor-229 .elementor-element.elementor-element-7361a6f6 .elementor-heading-title{font-family:\"Open Sans\", Sans-serif;font-size:11px;font-weight:400;text-transform:uppercase;line-height:1.3em;letter-spacing:1.5px;color:#444444;}.elementor-229 .elementor-element.elementor-element-7361a6f6 > .elementor-widget-container{margin:-25px 0px 0px 0px;padding:8px 0px 10px 0px;background-color:#FFF4E3;}.elementor-widget-image .widget-image-caption{color:var( --e-global-color-text );font-family:var( --e-global-typography-text-font-family ), Sans-serif;font-weight:var( --e-global-typography-text-font-weight );}.elementor-229 .elementor-element.elementor-element-61c3eea7 img{width:67%;}.elementor-229 .elementor-element.elementor-element-61c3eea7 > .elementor-widget-container{margin:-5px 0px 0px 0px;}.elementor-widget-text-editor{font-family:var( --e-global-typography-text-font-family ), Sans-serif;font-weight:var( --e-global-typography-text-font-weight );color:var( --e-global-color-text );}.elementor-widget-text-editor.elementor-drop-cap-view-stacked .elementor-drop-cap{background-color:var( --e-global-color-primary );}.elementor-widget-text-editor.elementor-drop-cap-view-framed .elementor-drop-cap, .elementor-widget-text-editor.elementor-drop-cap-view-default .elementor-drop-cap{color:var( --e-global-color-primary );border-color:var( --e-global-color-primary );}.elementor-229 .elementor-element.elementor-element-280a88c8{text-align:justify;font-family:\"Times New Roman\", Sans-serif;font-size:13px;font-weight:300;font-style:italic;color:#9B9B9B;}.elementor-229 .elementor-element.elementor-element-af42b22{text-align:center;}.elementor-229 .elementor-element.elementor-element-af42b22 .elementor-heading-title{font-family:\"Open Sans\", Sans-serif;font-size:11px;font-weight:400;text-transform:uppercase;line-height:1.3em;letter-spacing:1.5px;color:#444444;}.elementor-229 .elementor-element.elementor-element-af42b22 > .elementor-widget-container{margin:-1px 0px 0px 0px;padding:10px 0px 10px 0px;background-color:#F2F2F2;}.elementor-229 .elementor-element.elementor-element-14f6df72 .elementor-repeater-item-a188c8c.elementor-social-icon{background-color:#02010100;}.elementor-229 .elementor-element.elementor-element-14f6df72 .elementor-repeater-item-a188c8c.elementor-social-icon i{color:#444444;}.elementor-229 .elementor-element.elementor-element-14f6df72 .elementor-repeater-item-a188c8c.elementor-social-icon svg{fill:#444444;}.elementor-229 .elementor-element.elementor-element-14f6df72 .elementor-repeater-item-3a504e4.elementor-social-icon{background-color:#02010100;}.elementor-229 .elementor-element.elementor-element-14f6df72 .elementor-repeater-item-3a504e4.elementor-social-icon i{color:#444444;}.elementor-229 .elementor-element.elementor-element-14f6df72 .elementor-repeater-item-3a504e4.elementor-social-icon svg{fill:#444444;}.elementor-229 .elementor-element.elementor-element-14f6df72 .elementor-repeater-item-41da0fc.elementor-social-icon{background-color:#02010100;}.elementor-229 .elementor-element.elementor-element-14f6df72 .elementor-repeater-item-41da0fc.elementor-social-icon i{color:#444444;}.elementor-229 .elementor-element.elementor-element-14f6df72 .elementor-repeater-item-41da0fc.elementor-social-icon svg{fill:#444444;}.elementor-229 .elementor-element.elementor-element-14f6df72 .elementor-repeater-item-0ce7ef0.elementor-social-icon{background-color:#FFFFFF;}.elementor-229 .elementor-element.elementor-element-14f6df72 .elementor-repeater-item-0ce7ef0.elementor-social-icon i{color:#555555;}.elementor-229 .elementor-element.elementor-element-14f6df72 .elementor-repeater-item-0ce7ef0.elementor-social-icon svg{fill:#555555;}.elementor-229 .elementor-element.elementor-element-14f6df72{--grid-template-columns:repeat(0, auto);--icon-size:14px;--grid-column-gap:9px;--grid-row-gap:0px;}.elementor-229 .elementor-element.elementor-element-14f6df72 .elementor-widget-container{text-align:center;}.elementor-229 .elementor-element.elementor-element-14f6df72 .elementor-social-icon{--icon-padding:0.6em;border-style:solid;border-width:1px 1px 1px 1px;border-color:#9697D8;}.elementor-229 .elementor-element.elementor-element-14f6df72 .elementor-icon{border-radius:30px 30px 30px 30px;}@media(max-width:1024px){.elementor-229 .elementor-element.elementor-element-280a88c8{font-size:12px;}.elementor-229 .elementor-element.elementor-element-14f6df72{--icon-size:12px;}.elementor-229 .elementor-element.elementor-element-14f6df72 .elementor-social-icon{--icon-padding:0.4em;}}@media(max-width:767px){.elementor-229 .elementor-element.elementor-element-280a88c8{font-size:14px;}.elementor-229 .elementor-element.elementor-element-14f6df72 .elementor-widget-container{text-align:center;}.elementor-229 .elementor-element.elementor-element-14f6df72{--icon-size:13px;--grid-column-gap:11px;}.elementor-229 .elementor-element.elementor-element-14f6df72 .elementor-social-icon{--icon-padding:0.8em;}}<\/style>\t\t<div data-elementor-type=\"section\" data-elementor-id=\"229\" class=\"elementor elementor-229\">\n\t\t\t\t\t\t<section class=\"elementor-section elementor-top-section elementor-element elementor-element-56f0fdfb elementor-section-boxed elementor-section-height-default elementor-section-height-default wpr-particle-no wpr-jarallax-no wpr-parallax-no wpr-sticky-section-no wpr-equal-height-no\" data-id=\"56f0fdfb\" data-element_type=\"section\" data-e-type=\"section\">\n\t\t\t\t\t\t<div class=\"elementor-container elementor-column-gap-no\">\n\t\t\t\t\t<div class=\"elementor-column elementor-col-100 elementor-top-column elementor-element elementor-element-50699dc6\" data-id=\"50699dc6\" data-element_type=\"column\" data-e-type=\"column\">\n\t\t\t<div class=\"elementor-widget-wrap elementor-element-populated\">\n\t\t\t\t\t\t<div class=\"elementor-element elementor-element-6568fb5 elementor-widget elementor-widget-spacer\" data-id=\"6568fb5\" data-element_type=\"widget\" data-e-type=\"widget\" data-widget_type=\"spacer.default\">\n\t\t\t\t<div class=\"elementor-widget-container\">\n\t\t\t\t\t\t\t<div class=\"elementor-spacer\">\n\t\t\t<div class=\"elementor-spacer-inner\"><\/div>\n\t\t<\/div>\n\t\t\t\t\t\t<\/div>\n\t\t\t\t<\/div>\n\t\t\t\t<div class=\"elementor-element elementor-element-7361a6f6 elementor-widget elementor-widget-heading\" data-id=\"7361a6f6\" data-element_type=\"widget\" data-e-type=\"widget\" data-widget_type=\"heading.default\">\n\t\t\t\t<div class=\"elementor-widget-container\">\n\t\t\t\t\t<h2 class=\"elementor-heading-title elementor-size-default\">QUI SUIS-JE ?<\/h2>\t\t\t\t<\/div>\n\t\t\t\t<\/div>\n\t\t\t\t<div class=\"elementor-element elementor-element-61c3eea7 elementor-widget elementor-widget-image\" data-id=\"61c3eea7\" data-element_type=\"widget\" data-e-type=\"widget\" data-widget_type=\"image.default\">\n\t\t\t\t<div class=\"elementor-widget-container\">\n\t\t\t\t\t\t\t\t\t\t\t\t\t\t\t<img decoding=\"async\" width=\"2048\" height=\"492\" src=\"https:\/\/www.carnibird.fr\/wp-content\/uploads\/2022\/04\/Logo-2048x492.png\" class=\"attachment-2048x2048 size-2048x2048 wp-image-523\" alt=\"\" srcset=\"https:\/\/www.carnibird.fr\/wp-content\/uploads\/2022\/04\/Logo-2048x492.png 2048w, https:\/\/www.carnibird.fr\/wp-content\/uploads\/2022\/04\/Logo-600x144.png 600w, https:\/\/www.carnibird.fr\/wp-content\/uploads\/2022\/04\/Logo-300x72.png 300w, https:\/\/www.carnibird.fr\/wp-content\/uploads\/2022\/04\/Logo-1024x246.png 1024w, https:\/\/www.carnibird.fr\/wp-content\/uploads\/2022\/04\/Logo-768x184.png 768w, https:\/\/www.carnibird.fr\/wp-content\/uploads\/2022\/04\/Logo-1536x369.png 1536w\" sizes=\"(max-width: 2048px) 100vw, 2048px\" \/>\t\t\t\t\t\t\t\t\t\t\t\t\t\t\t<\/div>\n\t\t\t\t<\/div>\n\t\t\t\t<div class=\"elementor-element elementor-element-41c80c6 elementor-widget elementor-widget-image\" data-id=\"41c80c6\" data-element_type=\"widget\" data-e-type=\"widget\" data-widget_type=\"image.default\">\n\t\t\t\t<div class=\"elementor-widget-container\">\n\t\t\t\t\t\t\t\t\t\t\t\t\t\t\t<img decoding=\"async\" width=\"683\" height=\"1024\" src=\"https:\/\/www.carnibird.fr\/wp-content\/uploads\/2022\/04\/W5D8408-Modifier-683x1024.jpg\" class=\"attachment-large size-large wp-image-3108\" alt=\"\" srcset=\"https:\/\/www.carnibird.fr\/wp-content\/uploads\/2022\/04\/W5D8408-Modifier-683x1024.jpg 683w, https:\/\/www.carnibird.fr\/wp-content\/uploads\/2022\/04\/W5D8408-Modifier-200x300.jpg 200w, https:\/\/www.carnibird.fr\/wp-content\/uploads\/2022\/04\/W5D8408-Modifier-768x1152.jpg 768w, https:\/\/www.carnibird.fr\/wp-content\/uploads\/2022\/04\/W5D8408-Modifier-1024x1536.jpg 1024w, https:\/\/www.carnibird.fr\/wp-content\/uploads\/2022\/04\/W5D8408-Modifier-600x900.jpg 600w, https:\/\/www.carnibird.fr\/wp-content\/uploads\/2022\/04\/W5D8408-Modifier.jpg 1280w\" sizes=\"(max-width: 683px) 100vw, 683px\" \/>\t\t\t\t\t\t\t\t\t\t\t\t\t\t\t<\/div>\n\t\t\t\t<\/div>\n\t\t\t\t<div class=\"elementor-element elementor-element-280a88c8 elementor-widget elementor-widget-text-editor\" data-id=\"280a88c8\" data-element_type=\"widget\" data-e-type=\"widget\" data-widget_type=\"text-editor.default\">\n\t\t\t\t<div class=\"elementor-widget-container\">\n\t\t\t\t\t\t\t\t\t<p>Je m\u2019appelle Ang\u00e8le Martin et je diffuse mon travail depuis maintenant 9 ans sur les r\u00e9seaux. J\u2019ai commenc\u00e9 par du travail artistique &#8211; le th\u00e9\u00e2tre, la photographie et la peinture, ce qui m\u2019a conduit.e vers le m\u00e9tier de muraliste. En 2023, \u00e0 la suite d\u2019un burn out, je me fais diagnostiqu\u00e9.e apr\u00e8s une longue errance m\u00e9dicale de l&rsquo;autisme et atteint.e d\u2019un Trouble dissociatif de l\u2019identit\u00e9. Je d\u00e9couvre \u00e9galement ma non binarit\u00e9. En 2026 s\u2019ajoute un diagnostic de Tdah a pr\u00e9dominance innatentive. J&rsquo;ai travers\u00e9 la d\u00e9pression, le rejet et le m\u00e9pris du syst\u00e8me m\u00e9dical, les violences intra-familiales, les violences conjugales, et d\u2019autres formes de violences. J\u2019ai \u00e9galement rencontr\u00e9 des th\u00e9rapeutes formidables, qui m\u2019ont compris.e et avec lesquel.les j\u2019ai pu et continue de me soigner. J\u2019ai document\u00e9 et partag\u00e9 ce parcours sur les r\u00e9seaux sociaux, transformant une communaut\u00e9 qui me suivait majoritairement pour mon art en un public concern\u00e9 par les probl\u00e9matiques de sant\u00e9 mentale. Cette horizontalit\u00e9 dans les \u00e9changes m\u2019a soutenu.e, et permis.e d\u2019avancer vers moi m\u00eame. &nbsp;Aujourd\u2019hui, je suis fier.e de dire que : Je vais bien. Je souhaite \u00e0 pr\u00e9sent que mon parcours puisse servir \u00e0 d\u2019autres, et que nous prenions les places qui nous reviennent dans un monde qui ne valorise pas encore nos diff\u00e9rences.<\/p>\n<p>En parall\u00e8le de ce travail de paire aidance, je continue de d\u00e9velopper mon art, notamment l\u2019acting, la peinture et la photographie, des activit\u00e9 dans lesquelles je ne souhaite plus investir la totalit\u00e9 de mon temps afin qu\u2019elles ne deviennent plus des leviers de pressions financi\u00e8res et mentales. Vous pouvez me contacter pour tout projet.&nbsp;<\/p>\n<p>Je d\u00e9veloppe \u00e9galement ma cr\u00e9ativit\u00e9 gr\u00e2ce \u00e0 la cr\u00e9ation de contenu sur les r\u00e9seaux, notamment Youtube et Instagram.<\/p>\n<p><strong>Contact : <span style=\"text-decoration: underline;\">carni.bird@yahoo.com<\/span><\/strong><\/p>\t\t\t\t\t\t\t\t<\/div>\n\t\t\t\t<\/div>\n\t\t\t\t<div class=\"elementor-element elementor-element-af42b22 elementor-widget elementor-widget-heading\" data-id=\"af42b22\" data-element_type=\"widget\" data-e-type=\"widget\" data-widget_type=\"heading.default\">\n\t\t\t\t<div class=\"elementor-widget-container\">\n\t\t\t\t\t<h2 class=\"elementor-heading-title elementor-size-default\">RESEAUX :<\/h2>\t\t\t\t<\/div>\n\t\t\t\t<\/div>\n\t\t\t\t<div class=\"elementor-element elementor-element-14f6df72 e-grid-align-mobile-center elementor-shape-rounded elementor-grid-0 e-grid-align-center elementor-widget elementor-widget-social-icons\" data-id=\"14f6df72\" data-element_type=\"widget\" data-e-type=\"widget\" data-widget_type=\"social-icons.default\">\n\t\t\t\t<div class=\"elementor-widget-container\">\n\t\t\t\t\t\t\t<div class=\"elementor-social-icons-wrapper elementor-grid\" role=\"list\">\n\t\t\t\t\t\t\t<span class=\"elementor-grid-item\" role=\"listitem\">\n\t\t\t\t\t<a class=\"elementor-icon elementor-social-icon elementor-social-icon-facebook-f elementor-repeater-item-a188c8c\" href=\"https:\/\/www.facebook.com\/artofcarnibird\" target=\"_blank\">\n\t\t\t\t\t\t<span class=\"elementor-screen-only\">Facebook-f<\/span>\n\t\t\t\t\t\t<svg aria-hidden=\"true\" class=\"e-font-icon-svg e-fab-facebook-f\" viewBox=\"0 0 320 512\" xmlns=\"http:\/\/www.w3.org\/2000\/svg\"><path d=\"M279.14 288l14.22-92.66h-88.91v-60.13c0-25.35 12.42-50.06 52.24-50.06h40.42V6.26S260.43 0 225.36 0c-73.22 0-121.08 44.38-121.08 124.72v70.62H22.89V288h81.39v224h100.17V288z\"><\/path><\/svg>\t\t\t\t\t<\/a>\n\t\t\t\t<\/span>\n\t\t\t\t\t\t\t<span class=\"elementor-grid-item\" role=\"listitem\">\n\t\t\t\t\t<a class=\"elementor-icon elementor-social-icon elementor-social-icon-instagram elementor-repeater-item-3a504e4\" href=\"https:\/\/www.instagram.com\/carni.bird\/\" target=\"_blank\">\n\t\t\t\t\t\t<span class=\"elementor-screen-only\">Instagram<\/span>\n\t\t\t\t\t\t<svg aria-hidden=\"true\" class=\"e-font-icon-svg e-fab-instagram\" viewBox=\"0 0 448 512\" xmlns=\"http:\/\/www.w3.org\/2000\/svg\"><path d=\"M224.1 141c-63.6 0-114.9 51.3-114.9 114.9s51.3 114.9 114.9 114.9S339 319.5 339 255.9 287.7 141 224.1 141zm0 189.6c-41.1 0-74.7-33.5-74.7-74.7s33.5-74.7 74.7-74.7 74.7 33.5 74.7 74.7-33.6 74.7-74.7 74.7zm146.4-194.3c0 14.9-12 26.8-26.8 26.8-14.9 0-26.8-12-26.8-26.8s12-26.8 26.8-26.8 26.8 12 26.8 26.8zm76.1 27.2c-1.7-35.9-9.9-67.7-36.2-93.9-26.2-26.2-58-34.4-93.9-36.2-37-2.1-147.9-2.1-184.9 0-35.8 1.7-67.6 9.9-93.9 36.1s-34.4 58-36.2 93.9c-2.1 37-2.1 147.9 0 184.9 1.7 35.9 9.9 67.7 36.2 93.9s58 34.4 93.9 36.2c37 2.1 147.9 2.1 184.9 0 35.9-1.7 67.7-9.9 93.9-36.2 26.2-26.2 34.4-58 36.2-93.9 2.1-37 2.1-147.8 0-184.8zM398.8 388c-7.8 19.6-22.9 34.7-42.6 42.6-29.5 11.7-99.5 9-132.1 9s-102.7 2.6-132.1-9c-19.6-7.8-34.7-22.9-42.6-42.6-11.7-29.5-9-99.5-9-132.1s-2.6-102.7 9-132.1c7.8-19.6 22.9-34.7 42.6-42.6 29.5-11.7 99.5-9 132.1-9s102.7-2.6 132.1 9c19.6 7.8 34.7 22.9 42.6 42.6 11.7 29.5 9 99.5 9 132.1s2.7 102.7-9 132.1z\"><\/path><\/svg>\t\t\t\t\t<\/a>\n\t\t\t\t<\/span>\n\t\t\t\t\t\t\t<span class=\"elementor-grid-item\" role=\"listitem\">\n\t\t\t\t\t<a class=\"elementor-icon elementor-social-icon elementor-social-icon-youtube elementor-repeater-item-41da0fc\" href=\"https:\/\/www.youtube.com\/@carni_bird\" target=\"_blank\">\n\t\t\t\t\t\t<span class=\"elementor-screen-only\">Youtube<\/span>\n\t\t\t\t\t\t<svg aria-hidden=\"true\" class=\"e-font-icon-svg e-fab-youtube\" viewBox=\"0 0 576 512\" xmlns=\"http:\/\/www.w3.org\/2000\/svg\"><path d=\"M549.655 124.083c-6.281-23.65-24.787-42.276-48.284-48.597C458.781 64 288 64 288 64S117.22 64 74.629 75.486c-23.497 6.322-42.003 24.947-48.284 48.597-11.412 42.867-11.412 132.305-11.412 132.305s0 89.438 11.412 132.305c6.281 23.65 24.787 41.5 48.284 47.821C117.22 448 288 448 288 448s170.78 0 213.371-11.486c23.497-6.321 42.003-24.171 48.284-47.821 11.412-42.867 11.412-132.305 11.412-132.305s0-89.438-11.412-132.305zm-317.51 213.508V175.185l142.739 81.205-142.739 81.201z\"><\/path><\/svg>\t\t\t\t\t<\/a>\n\t\t\t\t<\/span>\n\t\t\t\t\t\t\t<span class=\"elementor-grid-item\" role=\"listitem\">\n\t\t\t\t\t<a class=\"elementor-icon elementor-social-icon elementor-social-icon-cart-arrow-down elementor-repeater-item-0ce7ef0\" href=\"https:\/\/www.vinted.fr\/member\/38201320-angiecarnibird\" target=\"_blank\">\n\t\t\t\t\t\t<span class=\"elementor-screen-only\">Cart-arrow-down<\/span>\n\t\t\t\t\t\t<svg aria-hidden=\"true\" class=\"e-font-icon-svg e-fas-cart-arrow-down\" viewBox=\"0 0 576 512\" xmlns=\"http:\/\/www.w3.org\/2000\/svg\"><path d=\"M504.717 320H211.572l6.545 32h268.418c15.401 0 26.816 14.301 23.403 29.319l-5.517 24.276C523.112 414.668 536 433.828 536 456c0 31.202-25.519 56.444-56.824 55.994-29.823-.429-54.35-24.631-55.155-54.447-.44-16.287 6.085-31.049 16.803-41.548H231.176C241.553 426.165 248 440.326 248 456c0 31.813-26.528 57.431-58.67 55.938-28.54-1.325-51.751-24.385-53.251-52.917-1.158-22.034 10.436-41.455 28.051-51.586L93.883 64H24C10.745 64 0 53.255 0 40V24C0 10.745 10.745 0 24 0h102.529c11.401 0 21.228 8.021 23.513 19.19L159.208 64H551.99c15.401 0 26.816 14.301 23.403 29.319l-47.273 208C525.637 312.246 515.923 320 504.717 320zM403.029 192H360v-60c0-6.627-5.373-12-12-12h-24c-6.627 0-12 5.373-12 12v60h-43.029c-10.691 0-16.045 12.926-8.485 20.485l67.029 67.029c4.686 4.686 12.284 4.686 16.971 0l67.029-67.029c7.559-7.559 2.205-20.485-8.486-20.485z\"><\/path><\/svg>\t\t\t\t\t<\/a>\n\t\t\t\t<\/span>\n\t\t\t\t\t<\/div>\n\t\t\t\t\t\t<\/div>\n\t\t\t\t<\/div>\n\t\t\t\t<div class=\"elementor-element elementor-element-b91c04d elementor-widget elementor-widget-image\" data-id=\"b91c04d\" data-element_type=\"widget\" data-e-type=\"widget\" data-widget_type=\"image.default\">\n\t\t\t\t<div class=\"elementor-widget-container\">\n\t\t\t\t\t\t\t\t\t\t\t\t\t\t\t<img loading=\"lazy\" decoding=\"async\" width=\"1024\" height=\"568\" src=\"https:\/\/www.carnibird.fr\/wp-content\/uploads\/2024\/03\/Scan-100-copie-1024x568.jpg\" class=\"attachment-large size-large wp-image-1915\" alt=\"\" srcset=\"https:\/\/www.carnibird.fr\/wp-content\/uploads\/2024\/03\/Scan-100-copie-1024x568.jpg 1024w, https:\/\/www.carnibird.fr\/wp-content\/uploads\/2024\/03\/Scan-100-copie-scaled-600x333.jpg 600w, https:\/\/www.carnibird.fr\/wp-content\/uploads\/2024\/03\/Scan-100-copie-300x166.jpg 300w, https:\/\/www.carnibird.fr\/wp-content\/uploads\/2024\/03\/Scan-100-copie-768x426.jpg 768w, https:\/\/www.carnibird.fr\/wp-content\/uploads\/2024\/03\/Scan-100-copie-1536x852.jpg 1536w, https:\/\/www.carnibird.fr\/wp-content\/uploads\/2024\/03\/Scan-100-copie-2048x1137.jpg 2048w\" sizes=\"(max-width: 1024px) 100vw, 1024px\" \/>\t\t\t\t\t\t\t\t\t\t\t\t\t\t\t<\/div>\n\t\t\t\t<\/div>\n\t\t\t\t\t<\/div>\n\t\t<\/div>\n\t\t\t\t\t<\/div>\n\t\t<\/section>\n\t\t\t\t<\/div>\n\t\t<span class=\"wpr-template-edit-btn\" data-permalink=\"https:\/\/www.carnibird.fr\/?elementor_library=side-bar\">Edit Template<\/span>\t\t\t\t<\/div>\n\t\t\t\t<\/div>\n\t\t\t\t\t<\/div>\n\t\t<\/div>\n\t\t\t\t\t<\/div>\n\t\t<\/section>\n\t\t<div class=\"elementor-element elementor-element-29604bd e-flex e-con-boxed wpr-particle-no wpr-jarallax-no wpr-parallax-no wpr-sticky-section-no wpr-equal-height-no e-con e-parent\" data-id=\"29604bd\" data-element_type=\"container\" data-e-type=\"container\">\n\t\t\t\t\t<div class=\"e-con-inner\">\n\t\t\t\t\t<\/div>\n\t\t\t\t<\/div>\n\t\t\t\t<\/div>\n\t\t","protected":false},"excerpt":{"rendered":"<p>J\u2019ai fais le choix de vendre mes travaux \u00e0 des prix d\u00e9risoires. C\u2019est l\u2019assurance pour moi de ne pas capitaliser sur mon art, de le rendre accessible, et de continuer \u00e0 pratiquer sans pression. Si tu souhaites visiter mon march\u00e9, clique ici. QUI SUIS-JE ? Paire &#8211; Aidant.e \/ Artiste Peintre \/ Acteurice Cr\u00e9ation de contenu sur Instagram &amp; YouTube. Contact : carni.bird@yahoo.com RESEAUX : Facebook-f Instagram Youtube Cart-arrow-down Edit Template<\/p>\n","protected":false},"author":1,"featured_media":0,"parent":0,"menu_order":0,"comment_status":"closed","ping_status":"closed","template":"elementor_canvas","meta":{"footnotes":""},"class_list":["post-3087","page","type-page","status-publish","hentry","entry","owp-thumbs-layout-horizontal","owp-btn-normal","owp-tabs-layout-horizontal","has-no-thumbnails","has-product-nav"],"jetpack_sharing_enabled":true,"rttpg_featured_image_url":null,"rttpg_author":{"display_name":"CarniBirdPanel","author_link":"https:\/\/www.carnibird.fr\/?author=1"},"rttpg_comment":0,"rttpg_category":null,"rttpg_excerpt":"J\u2019ai fais le choix de vendre mes travaux \u00e0 des prix d\u00e9risoires. C\u2019est l\u2019assurance pour moi de ne pas capitaliser sur mon art, de le rendre accessible, et de continuer \u00e0 pratiquer sans pression. Si tu souhaites visiter mon march\u00e9, clique ici. QUI SUIS-JE ? Paire &#8211; Aidant.e \/ Artiste Peintre \/ Acteurice Cr\u00e9ation de\u2026","_links":{"self":[{"href":"https:\/\/www.carnibird.fr\/index.php?rest_route=\/wp\/v2\/pages\/3087","targetHints":{"allow":["GET"]}}],"collection":[{"href":"https:\/\/www.carnibird.fr\/index.php?rest_route=\/wp\/v2\/pages"}],"about":[{"href":"https:\/\/www.carnibird.fr\/index.php?rest_route=\/wp\/v2\/types\/page"}],"author":[{"embeddable":true,"href":"https:\/\/www.carnibird.fr\/index.php?rest_route=\/wp\/v2\/users\/1"}],"replies":[{"embeddable":true,"href":"https:\/\/www.carnibird.fr\/index.php?rest_route=%2Fwp%2Fv2%2Fcomments&post=3087"}],"version-history":[{"count":11,"href":"https:\/\/www.carnibird.fr\/index.php?rest_route=\/wp\/v2\/pages\/3087\/revisions"}],"predecessor-version":[{"id":3333,"href":"https:\/\/www.carnibird.fr\/index.php?rest_route=\/wp\/v2\/pages\/3087\/revisions\/3333"}],"wp:attachment":[{"href":"https:\/\/www.carnibird.fr\/index.php?rest_route=%2Fwp%2Fv2%2Fmedia&parent=3087"}],"curies":[{"name":"wp","href":"https:\/\/api.w.org\/{rel}","templated":true}]}}